{"id":562,"date":"2023-03-24T09:36:32","date_gmt":"2023-03-24T12:36:32","guid":{"rendered":"https:\/\/imparcialseguros.com\/?page_id=562"},"modified":"2023-04-18T11:28:15","modified_gmt":"2023-04-18T14:28:15","slug":"susep","status":"publish","type":"page","link":"https:\/\/imparcialseguros.com\/index.php\/susep\/","title":{"rendered":"SUSEP"},"content":{"rendered":"\t\t<div data-elementor-type=\"wp-page\" data-elementor-id=\"562\" class=\"elementor elementor-562\">\n\t\t\t\t\t\t<section class=\"elementor-section elementor-top-section elementor-element elementor-element-39b3e08 elementor-section-boxed elementor-section-height-default elementor-section-height-default\" data-id=\"39b3e08\" data-element_type=\"section\" data-e-type=\"section\" data-settings=\"{&quot;background_background&quot;:&quot;gradient&quot;}\">\n\t\t\t\t\t\t<div class=\"elementor-container elementor-column-gap-default\">\n\t\t\t\t\t<div class=\"elementor-column elementor-col-100 elementor-top-column elementor-element elementor-element-eb462a4\" data-id=\"eb462a4\" data-element_type=\"column\" data-e-type=\"column\">\n\t\t\t<div class=\"elementor-widget-wrap elementor-element-populated\">\n\t\t\t\t\t\t<div class=\"elementor-element elementor-element-bf4a57c elementor-widget elementor-widget-heading\" data-id=\"bf4a57c\" data-element_type=\"widget\" data-e-type=\"widget\" data-widget_type=\"heading.default\">\n\t\t\t\t<div class=\"elementor-widget-container\">\n\t\t\t\t\t<h2 class=\"elementor-heading-title elementor-size-default\">O que \u00e9 a SUSEP?<\/h2>\t\t\t\t<\/div>\n\t\t\t\t<\/div>\n\t\t\t\t\t<\/div>\n\t\t<\/div>\n\t\t\t\t\t<\/div>\n\t\t<\/section>\n\t\t\t\t<section class=\"elementor-section elementor-top-section elementor-element elementor-element-46fdf7b elementor-section-boxed elementor-section-height-default elementor-section-height-default\" data-id=\"46fdf7b\" data-element_type=\"section\" data-e-type=\"section\">\n\t\t\t\t\t\t<div class=\"elementor-container elementor-column-gap-default\">\n\t\t\t\t\t<div class=\"elementor-column elementor-col-100 elementor-top-column elementor-element elementor-element-fac0fe0\" data-id=\"fac0fe0\" data-element_type=\"column\" data-e-type=\"column\">\n\t\t\t<div class=\"elementor-widget-wrap elementor-element-populated\">\n\t\t\t\t\t\t<div class=\"elementor-element elementor-element-5d5091b elementor-widget elementor-widget-text-editor\" data-id=\"5d5091b\" data-element_type=\"widget\" data-e-type=\"widget\" data-widget_type=\"text-editor.default\">\n\t\t\t\t<div class=\"elementor-widget-container\">\n\t\t\t\t\t\t\t\t\t<p style=\"font-weight: 400;\">A Superintend\u00eancia de Seguros Privados (SUSEP) \u00e9 \u00f3rg\u00e3o governamental respons\u00e1vel pela autoriza\u00e7\u00e3o, controle e fiscaliza\u00e7\u00e3o dos mercados de seguros no Brasil.<\/p><p style=\"font-weight: 400;\">A SUSEP \u00e9 vinculada ao Minist\u00e9rio da Fazenda e foi criada pelo Decreto-lei n\u00ba 73, de 21 de novembro de 1966. A primeira fun\u00e7\u00e3o principal da SUSEP \u00e9 regulamentar o setor de seguros no pa\u00eds, ou seja, estabelecer as regras para opera\u00e7\u00e3o de todos os envolvidos na oferta e comercializa\u00e7\u00e3o de seguros no Brasil.<\/p><p style=\"font-weight: 400;\">Tamb\u00e9m \u00e9 fun\u00e7\u00e3o deste \u00f3rg\u00e3o a fiscaliza\u00e7\u00e3o de mercado, garantindo que as empresas cumpram as normas estabelecidas e que a cota\u00e7\u00e3o de seguro, o apoio durante a vig\u00eancia da ap\u00f3lice e o pagamento em caso de\u00a0sinistrosejam feitos de acordo com a lei.<\/p><p style=\"font-weight: 400;\">A SUSEP atua na preven\u00e7\u00e3o e combate \u00e0 fraude no mercado de seguros, bem como puni\u00e7\u00e3o em caso de ocorr\u00eancia de desvio de comportamento.<\/p><p style=\"font-weight: 400;\">Outro ponto fundamental da atua\u00e7\u00e3o da SUSEP \u00e9 a realiza\u00e7\u00e3o de an\u00e1lise da capacidade da seguradora de cumprir todos os compromissos assumidos. Ela tem que garantir que todas as\u00a0seguradoras, mesmo que haja uma ocorr\u00eancia de alto volume de sinistros, consigam arcar com os valores envolvidos nas indeniza\u00e7\u00f5es. As seguradoras s\u00e3o obrigadas a manter fundo de reservas para arcar com esses gastos e situa\u00e7\u00f5es inesperadas e cat\u00e1strofes.<\/p><p style=\"font-weight: 400;\">Saber que a seguradora ou empresa contratada para fazer o seguro atua dentro das normas da SUSEP \u00e9 a garantia de um processo mais tranquilo. A Imparcial seguros \u00e9 uma corretora de seguros que est\u00e1 inscrita na SUSEP com o n\u00ba 23.2145513. Se a seguradora ou a corretora n\u00e3o estiver dentro das normas da SUSEP e nem estiver inscrita, desconfie, pois pode ser um grande problema.\u00a0<\/p>\t\t\t\t\t\t\t\t<\/div>\n\t\t\t\t<\/div>\n\t\t\t\t\t<\/div>\n\t\t<\/div>\n\t\t\t\t\t<\/div>\n\t\t<\/section>\n\t\t\t\t<section class=\"elementor-section elementor-top-section elementor-element elementor-element-7bca4a7 elementor-section-boxed elementor-section-height-default elementor-section-height-default\" data-id=\"7bca4a7\" data-element_type=\"section\" data-e-type=\"section\" data-settings=\"{&quot;background_background&quot;:&quot;gradient&quot;}\">\n\t\t\t\t\t\t<div class=\"elementor-container elementor-column-gap-default\">\n\t\t\t\t\t<div class=\"elementor-column elementor-col-100 elementor-top-column elementor-element elementor-element-acd2fb9\" data-id=\"acd2fb9\" data-element_type=\"column\" data-e-type=\"column\">\n\t\t\t<div class=\"elementor-widget-wrap elementor-element-populated\">\n\t\t\t\t\t\t<div class=\"elementor-element elementor-element-7fc7ad5 elementor-widget elementor-widget-heading\" data-id=\"7fc7ad5\" data-element_type=\"widget\" data-e-type=\"widget\" data-widget_type=\"heading.default\">\n\t\t\t\t<div class=\"elementor-widget-container\">\n\t\t\t\t\t<h2 class=\"elementor-heading-title elementor-size-default\">O que \u00e9 o C\u00f3digo de \u00c9tica dos Corretores?<\/h2>\t\t\t\t<\/div>\n\t\t\t\t<\/div>\n\t\t\t\t\t<\/div>\n\t\t<\/div>\n\t\t\t\t\t<\/div>\n\t\t<\/section>\n\t\t\t\t<section class=\"elementor-section elementor-top-section elementor-element elementor-element-7a24d3f elementor-section-boxed elementor-section-height-default elementor-section-height-default\" data-id=\"7a24d3f\" data-element_type=\"section\" data-e-type=\"section\">\n\t\t\t\t\t\t<div class=\"elementor-container elementor-column-gap-default\">\n\t\t\t\t\t<div class=\"elementor-column elementor-col-100 elementor-top-column elementor-element elementor-element-b2b1394\" data-id=\"b2b1394\" data-element_type=\"column\" data-e-type=\"column\">\n\t\t\t<div class=\"elementor-widget-wrap elementor-element-populated\">\n\t\t\t\t\t\t<div class=\"elementor-element elementor-element-5d3b386 elementor-widget elementor-widget-text-editor\" data-id=\"5d3b386\" data-element_type=\"widget\" data-e-type=\"widget\" data-widget_type=\"text-editor.default\">\n\t\t\t\t<div class=\"elementor-widget-container\">\n\t\t\t\t\t\t\t\t\t<p style=\"font-weight: 400;\">Assim como em outras profiss\u00f5es do mercado de trabalho em geral, o of\u00edcio de corretor de seguros tem diversos valores e obriga\u00e7\u00f5es a serem seguidos e que, quando feitos de maneira correta e com veracidade, resultam em confian\u00e7a e fideliza\u00e7\u00e3o por muitos e muitos anos.<\/p><p style=\"font-weight: 400;\">O corretor de seguros, inclusive, tem um\u00a0c\u00f3digo de \u00e9tica\u00a0que precisa ser seguido \u00e0 risca. Existem leis espec\u00edficas para o setor de corretagem de seguros, al\u00e9m de cursos de forma\u00e7\u00e3o, que abordam o estudo das min\u00facias da carreira e do produto, que \u00e9 complexo e exige conhecimento t\u00e9cnico.<\/p><p style=\"font-weight: 400;\">Abaixo, um dos cap\u00edtulos do C\u00f3digo de \u00c9tica dos corretores de seguro.\u00a0\u00a0<\/p><p style=\"font-weight: 400;\"><b><strong>CAP\u00cdTULO III<\/strong><\/b><\/p><p style=\"font-weight: 400;\"><b><strong>DOS PRINC\u00cdPIOS E DAS OBRIGA\u00c7\u00d5ES<\/strong><\/b><\/p><p style=\"font-weight: 400;\">Art. 3\u00ba. O Corretor e a Corretora, devidamente habilitados, inscritos\u00a0regularmente no \u00d3rg\u00e3o competente, para o exerc\u00edcio de sua profiss\u00e3o.<\/p><p style=\"font-weight: 400;\">III \u2013 fornecer \u00e0s sociedades listadas no inciso II, as informa\u00e7\u00f5es precisase verdadeiras, para que a avalia\u00e7\u00e3o, tarifa\u00e7\u00e3o e aceita\u00e7\u00e3o dos riscos se realizem\u00a0adequadamente;<\/p><p style=\"font-weight: 400;\">IV \u2013 colaborar com as sociedades listadas no inciso II, em caso de\u00a0ocorr\u00eancia de sinistros, objetivando uma r\u00e1pida tramita\u00e7\u00e3o do processo de\u00a0regula\u00e7\u00e3o, da justa indeniza\u00e7\u00e3o, prestando, sempre a assist\u00eancia adequada aos\u00a0segurados e benefici\u00e1rios;<\/p><p style=\"font-weight: 400;\">V \u2013 agir sempre com dignidade e lealdade, n\u00e3o fornecendo informa\u00e7\u00f5es\u00a0enganosas ou improcedentes sobre as suas condi\u00e7\u00f5es profissionais e, em\u00a0nenhuma hip\u00f3tese, conceder aos seus clientes, vantagens diretas ou indiretas,\u00a0que contrariem a legisla\u00e7\u00e3o;<\/p><p style=\"font-weight: 400;\">VI \u2013 colaborar com os \u00f3rg\u00e3os regulador e fiscalizador para melhor\u00a0ordena\u00e7\u00e3o, normatiza\u00e7\u00e3o e fiscaliza\u00e7\u00e3o do mercado de seguros;<\/p><p style=\"font-weight: 400;\">VII \u2013 zelar pela prote\u00e7\u00e3o dos interesses dos corretores, das corretoras e\u00a0dos consumidores;<\/p><p style=\"font-weight: 400;\">VIII \u2013 guardar absoluto sigilo em raz\u00e3o do exerc\u00edcio profissional,\u00a0ressalvados os casos previstos em lei ou quando solicitado por autoridades\u00a0competentes;<\/p><p style=\"font-weight: 400;\">IX \u2013 declarar os impedimentos legais porventura existentes ou\u00a0supervenientes para o exerc\u00edcio da profiss\u00e3o, n\u00e3o a exercendo quando\u00a0impedido e nem facilitando por qualquer meio, o seu exerc\u00edcio aos n\u00e3o\u00a0habilitados ou impedidos;<\/p><p style=\"font-weight: 400;\">X \u2013 ser solid\u00e1rio com os movimentos de defesa da dignidade profissional\u00a0e zelar pelo exerc\u00edcio \u00e9tico, profissional e seu aprimoramento t\u00e9cnico;<\/p><p style=\"font-weight: 400;\">XI \u2013 repassar \u00e0s sociedades listadas no inciso II os valores que,\u00a0eventualmente, lhe forem confiados referentes aos pr\u00eamios de seguros, e\u00a0prestar contas aos seus clientes com documentos comprobat\u00f3rios por elas\u00a0emitidos;<\/p><p style=\"font-weight: 400;\">XII \u2013 exercer a profiss\u00e3o com probidade, n\u00e3o cometer atos contr\u00e1rios \u00e0s\u00a0disposi\u00e7\u00f5es deste C\u00f3digo e n\u00e3o praticar atos definidos como infra\u00e7\u00f5es;<\/p><p style=\"font-weight: 400;\">XIII \u2013 agir de boa f\u00e9, n\u00e3o alterar nem deturpar o teor de documentos e\u00a0n\u00e3o fornecer informa\u00e7\u00f5es que n\u00e3o sejam verdadeiras;<\/p><p style=\"font-weight: 400;\">XIV \u2013 abster-se de dar pareceres ou emitir opini\u00f5es, sem estar\u00a0suficientemente informado, autorizado e devidamente documentado;<\/p><p style=\"font-weight: 400;\">XV \u2013 entregar aos clientes, imediatamente, os valores e os documentos a\u00a0eles destinados;<\/p><p style=\"font-weight: 400;\">XVI \u2013 cumprir, fielmente, as obriga\u00e7\u00f5es e compromissos decorrentes de\u00a0contratos ou outros instrumentos, assumidos perante segurados e seguradores,<\/p><p style=\"font-weight: 400;\">e responsabilizar-se, solidariamente, pelos atos praticados pelos Prepostos, por\u00a0eles nomeados;<\/p><p style=\"font-weight: 400;\">XVII \u2013 manter os dados cadastrais devidamente atualizados junto ao\u00a0\u00d3rg\u00e3o Fiscalizador e entidades representativas, em conson\u00e2ncia com a\u00a0legisla\u00e7\u00e3o vigente;<\/p><p style=\"font-weight: 400;\">XVIII \u2013 respeitar e cumprir, fielmente, as decis\u00f5es e delibera\u00e7\u00f5es\u00a0emanadas das assembleias gerais e estatutos sociais dos Sindicatos da respectiva base territorial;<\/p><p style=\"font-weight: 400;\">XIX \u2013 cumprir as disposi\u00e7\u00f5es contidas na Constitui\u00e7\u00e3o Federal, no C\u00f3digo\u00a0de Defesa do Consumidor, no C\u00f3digo Civil, especialmente a parte que trata da\u00a0corretagem, e outras leis, regulamentos e atos normativos pertinentes.<\/p>\t\t\t\t\t\t\t\t<\/div>\n\t\t\t\t<\/div>\n\t\t\t\t\t<\/div>\n\t\t<\/div>\n\t\t\t\t\t<\/div>\n\t\t<\/section>\n\t\t\t\t<\/div>\n\t\t","protected":false},"excerpt":{"rendered":"<p>O que \u00e9 a SUSEP? A Superintend\u00eancia de Seguros Privados (SUSEP) \u00e9 \u00f3rg\u00e3o governamental respons\u00e1vel pela autoriza\u00e7\u00e3o, controle e fiscaliza\u00e7\u00e3o dos mercados de seguros no Brasil. A SUSEP \u00e9 vinculada ao Minist\u00e9rio da Fazenda e foi criada pelo Decreto-lei n\u00ba 73, de 21 de novembro de 1966. A primeira fun\u00e7\u00e3o principal da SUSEP \u00e9 regulamentar [&hellip;]<\/p>\n","protected":false},"author":1,"featured_media":0,"parent":0,"menu_order":0,"comment_status":"closed","ping_status":"closed","template":"","meta":{"footnotes":""},"class_list":["post-562","page","type-page","status-publish","hentry"],"_links":{"self":[{"href":"https:\/\/imparcialseguros.com\/index.php\/wp-json\/wp\/v2\/pages\/562","targetHints":{"allow":["GET"]}}],"collection":[{"href":"https:\/\/imparcialseguros.com\/index.php\/wp-json\/wp\/v2\/pages"}],"about":[{"href":"https:\/\/imparcialseguros.com\/index.php\/wp-json\/wp\/v2\/types\/page"}],"author":[{"embeddable":true,"href":"https:\/\/imparcialseguros.com\/index.php\/wp-json\/wp\/v2\/users\/1"}],"replies":[{"embeddable":true,"href":"https:\/\/imparcialseguros.com\/index.php\/wp-json\/wp\/v2\/comments?post=562"}],"version-history":[{"count":20,"href":"https:\/\/imparcialseguros.com\/index.php\/wp-json\/wp\/v2\/pages\/562\/revisions"}],"predecessor-version":[{"id":800,"href":"https:\/\/imparcialseguros.com\/index.php\/wp-json\/wp\/v2\/pages\/562\/revisions\/800"}],"wp:attachment":[{"href":"https:\/\/imparcialseguros.com\/index.php\/wp-json\/wp\/v2\/media?parent=562"}],"curies":[{"name":"wp","href":"https:\/\/api.w.org\/{rel}","templated":true}]}}